{"id":12,"date":"2025-07-14T20:02:02","date_gmt":"2025-07-14T20:02:02","guid":{"rendered":"http:\/\/localhost\/integrale\/?page_id=12"},"modified":"2025-07-15T00:53:15","modified_gmt":"2025-07-15T00:53:15","slug":"a-propos","status":"publish","type":"page","link":"https:\/\/cliniqueintegrale.com\/?page_id=12","title":{"rendered":"A Propos"},"content":{"rendered":"\t\t<div data-elementor-type=\"wp-page\" data-elementor-id=\"12\" class=\"elementor elementor-12\" data-elementor-post-type=\"page\">\n\t\t\t\t\t\t<section class=\"elementor-section elementor-top-section elementor-element elementor-element-5389784 elementor-section-height-min-height elementor-section-stretched elementor-section-boxed elementor-section-height-default elementor-section-items-middle wpr-particle-no wpr-jarallax-no wpr-parallax-no wpr-sticky-section-no\" data-id=\"5389784\" data-element_type=\"section\" data-settings=\"{&quot;stretch_section&quot;:&quot;section-stretched&quot;,&quot;background_background&quot;:&quot;classic&quot;}\">\n\t\t\t\t\t\t\t<div class=\"elementor-background-overlay\"><\/div>\n\t\t\t\t\t\t\t<div class=\"elementor-container elementor-column-gap-default\">\n\t\t\t\t\t<div class=\"elementor-column elementor-col-50 elementor-top-column elementor-element elementor-element-b0257f0\" data-id=\"b0257f0\" data-element_type=\"column\">\n\t\t\t<div class=\"elementor-widget-wrap elementor-element-populated\">\n\t\t\t\t\t\t<div class=\"elementor-element elementor-element-90eaf9a elementor-invisible elementor-widget elementor-widget-heading\" data-id=\"90eaf9a\" data-element_type=\"widget\" data-settings=\"{&quot;_animation&quot;:&quot;fadeInRight&quot;,&quot;_animation_delay&quot;:300}\" data-widget_type=\"heading.default\">\n\t\t\t\t<div class=\"elementor-widget-container\">\n\t\t\t\t\t<h2 class=\"elementor-heading-title elementor-size-default\">Actualit\u00e9es sur la clinique integrale<\/h2>\t\t\t\t<\/div>\n\t\t\t\t<\/div>\n\t\t\t\t\t<\/div>\n\t\t<\/div>\n\t\t\t\t<div class=\"elementor-column elementor-col-50 elementor-top-column elementor-element elementor-element-fc0b2d2\" data-id=\"fc0b2d2\" data-element_type=\"column\">\n\t\t\t<div class=\"elementor-widget-wrap\">\n\t\t\t\t\t\t\t<\/div>\n\t\t<\/div>\n\t\t\t\t\t<\/div>\n\t\t<\/section>\n\t\t\t\t<section class=\"elementor-section elementor-top-section elementor-element elementor-element-391da942 elementor-section-full_width elementor-section-stretched elementor-section-height-default elementor-section-height-default wpr-particle-no wpr-jarallax-no wpr-parallax-no wpr-sticky-section-no\" data-id=\"391da942\" data-element_type=\"section\" data-settings=\"{&quot;stretch_section&quot;:&quot;section-stretched&quot;}\">\n\t\t\t\t\t\t<div class=\"elementor-container elementor-column-gap-no\">\n\t\t\t\t\t<div class=\"elementor-column elementor-col-100 elementor-top-column elementor-element elementor-element-17d77530\" data-id=\"17d77530\" data-element_type=\"column\">\n\t\t\t<div class=\"elementor-widget-wrap elementor-element-populated\">\n\t\t\t\t\t\t<div class=\"elementor-element elementor-element-3fe49b9a elementor-widget__width-initial elementor-widget-tablet__width-initial elementor-absolute elementor-widget elementor-widget-image\" data-id=\"3fe49b9a\" data-element_type=\"widget\" data-settings=\"{&quot;_position&quot;:&quot;absolute&quot;,&quot;motion_fx_motion_fx_scrolling&quot;:&quot;yes&quot;,&quot;motion_fx_translateY_effect&quot;:&quot;yes&quot;,&quot;motion_fx_translateY_speed&quot;:{&quot;unit&quot;:&quot;px&quot;,&quot;size&quot;:4,&quot;sizes&quot;:[]},&quot;motion_fx_translateY_affectedRange&quot;:{&quot;unit&quot;:&quot;%&quot;,&quot;size&quot;:&quot;&quot;,&quot;sizes&quot;:{&quot;start&quot;:0,&quot;end&quot;:100}},&quot;motion_fx_devices&quot;:[&quot;desktop&quot;,&quot;tablet&quot;,&quot;mobile&quot;]}\" data-widget_type=\"image.default\">\n\t\t\t\t<div class=\"elementor-widget-container\">\n\t\t\t\t\t\t\t\t\t\t\t\t\t\t\t<img fetchpriority=\"high\" decoding=\"async\" width=\"129\" height=\"576\" src=\"https:\/\/cliniqueintegrale.com\/wp-content\/uploads\/2025\/07\/b0c0e54a-elements.png\" class=\"attachment-full size-full wp-image-298\" alt=\"\" \/>\t\t\t\t\t\t\t\t\t\t\t\t\t\t\t<\/div>\n\t\t\t\t<\/div>\n\t\t\t\t<section class=\"elementor-section elementor-inner-section elementor-element elementor-element-59952c1 elementor-section-boxed elementor-section-height-default elementor-section-height-default wpr-particle-no wpr-jarallax-no wpr-parallax-no wpr-sticky-section-no\" data-id=\"59952c1\" data-element_type=\"section\">\n\t\t\t\t\t\t<div class=\"elementor-container elementor-column-gap-no\">\n\t\t\t\t\t<div class=\"elementor-column elementor-col-100 elementor-inner-column elementor-element elementor-element-6655a4f6\" data-id=\"6655a4f6\" data-element_type=\"column\">\n\t\t\t<div class=\"elementor-widget-wrap elementor-element-populated\">\n\t\t\t\t\t\t<div class=\"elementor-element elementor-element-2fd79fd6 elementor-grid-eael-col-3 elementor-grid-tablet-eael-col-3 elementor-grid-mobile-eael-col-1 elementor-invisible elementor-widget elementor-widget-eael-post-grid\" data-id=\"2fd79fd6\" data-element_type=\"widget\" data-settings=\"{&quot;eael_post_grid_columns&quot;:&quot;eael-col-3&quot;,&quot;_animation&quot;:&quot;zoomIn&quot;,&quot;eael_post_grid_columns_tablet&quot;:&quot;eael-col-3&quot;,&quot;eael_post_grid_columns_mobile&quot;:&quot;eael-col-1&quot;}\" data-widget_type=\"eael-post-grid.default\">\n\t\t\t\t<div class=\"elementor-widget-container\">\n\t\t\t\t\t<div id=\"eael-post-grid-2fd79fd6\" class=\"eael-post-grid-container\">\n            <div class=\"eael-post-grid eael-post-appender eael-post-appender-2fd79fd6 eael-post-grid-style-one\" data-layout-mode=\"grid\"><article class=\"eael-grid-post eael-post-grid-column\" data-id=\"321\">\n        <div class=\"eael-grid-post-holder\">\n            <div class=\"eael-grid-post-holder-inner\"><div class=\"eael-entry-media\"><div class=\"eael-entry-overlay fade-in\"><i class=\"\" aria-hidden=\"true\"><\/i><a href=\"https:\/\/cliniqueintegrale.com\/?p=321\"><\/a><\/div><div class=\"eael-entry-thumbnail \">\n                <img decoding=\"async\" width=\"2000\" height=\"1333\" src=\"https:\/\/cliniqueintegrale.com\/wp-content\/uploads\/2025\/07\/d44c3b3d-4908-41db-a85f-8ce21b720097.png\" class=\"attachment-full size-full wp-image-447\" alt=\"\" \/>\n            <\/div>\n        <\/div><div class=\"eael-entry-wrapper\"><header class=\"eael-entry-header\"><h2 class=\"eael-entry-title\"><a\n                        class=\"eael-grid-post-link\"\n                        href=\"https:\/\/cliniqueintegrale.com\/?p=321\"\n                        title=\"Kin\u00e9sith\u00e9rapie : Un Atout pour la R\u00e9cup\u00e9ration\">Kin\u00e9sith\u00e9rapie : Un Atout pour la R\u00e9cup\u00e9ration<\/a><\/h2><\/header><div class=\"eael-entry-content\">\n                        <div class=\"eael-grid-post-excerpt\"><p>Que ce soit apr\u00e8s un accident, une chirurgie ou en cas de douleurs chroniques, notre...<\/p><\/div>\n                    <\/div><div class=\"eael-entry-footer\"><div class=\"eael-author-avatar\"><a href=\"https:\/\/cliniqueintegrale.com\/?author=1\"><img alt='LEO' src='https:\/\/secure.gravatar.com\/avatar\/36d999c40a4098d282ed3a4e63cd131e3ad4df0071b2cb8cec978ea555b11412?s=96&#038;d=mm&#038;r=g' srcset='https:\/\/secure.gravatar.com\/avatar\/36d999c40a4098d282ed3a4e63cd131e3ad4df0071b2cb8cec978ea555b11412?s=192&#038;d=mm&#038;r=g 2x' class='avatar avatar-96 photo' height='96' width='96' \/><\/a><\/div><div class=\"eael-entry-meta\"><span class=\"eael-posted-by\"><a href=\"https:\/\/cliniqueintegrale.com\/?author=1\" title=\"Posts by LEO\" rel=\"author\">LEO<\/a><\/span><span class=\"eael-posted-on\"><time datetime=\"July 15, 2025\">July 15, 2025<\/time><\/span><\/div><\/div><\/div><\/div>\n        <\/div>\n    <\/article><article class=\"eael-grid-post eael-post-grid-column\" data-id=\"319\">\n        <div class=\"eael-grid-post-holder\">\n            <div class=\"eael-grid-post-holder-inner\"><div class=\"eael-entry-media\"><div class=\"eael-entry-overlay fade-in\"><i class=\"\" aria-hidden=\"true\"><\/i><a href=\"https:\/\/cliniqueintegrale.com\/?p=319\"><\/a><\/div><div class=\"eael-entry-thumbnail \">\n                <img decoding=\"async\" width=\"2000\" height=\"1333\" src=\"https:\/\/cliniqueintegrale.com\/wp-content\/uploads\/2025\/07\/f29327d1-7e16-4811-9809-f869fed98670.png\" class=\"attachment-full size-full wp-image-448\" alt=\"\" \/>\n            <\/div>\n        <\/div><div class=\"eael-entry-wrapper\"><header class=\"eael-entry-header\"><h2 class=\"eael-entry-title\"><a\n                        class=\"eael-grid-post-link\"\n                        href=\"https:\/\/cliniqueintegrale.com\/?p=319\"\n                        title=\"L&#8217;Accompagnement des Futures Mamans\">L&#8217;Accompagnement des Futures Mamans<\/a><\/h2><\/header><div class=\"eael-entry-content\">\n                        <div class=\"eael-grid-post-excerpt\"><p>Notre unit\u00e9 maternit\u00e9 offre un suivi complet, de la grossesse jusqu&#8217;\u00e0 l&#8217;accouchement, en mettant un...<\/p><\/div>\n                    <\/div><div class=\"eael-entry-footer\"><div class=\"eael-author-avatar\"><a href=\"https:\/\/cliniqueintegrale.com\/?author=1\"><img alt='LEO' src='https:\/\/secure.gravatar.com\/avatar\/36d999c40a4098d282ed3a4e63cd131e3ad4df0071b2cb8cec978ea555b11412?s=96&#038;d=mm&#038;r=g' srcset='https:\/\/secure.gravatar.com\/avatar\/36d999c40a4098d282ed3a4e63cd131e3ad4df0071b2cb8cec978ea555b11412?s=192&#038;d=mm&#038;r=g 2x' class='avatar avatar-96 photo' height='96' width='96' \/><\/a><\/div><div class=\"eael-entry-meta\"><span class=\"eael-posted-by\"><a href=\"https:\/\/cliniqueintegrale.com\/?author=1\" title=\"Posts by LEO\" rel=\"author\">LEO<\/a><\/span><span class=\"eael-posted-on\"><time datetime=\"July 15, 2025\">July 15, 2025<\/time><\/span><\/div><\/div><\/div><\/div>\n        <\/div>\n    <\/article><article class=\"eael-grid-post eael-post-grid-column\" data-id=\"317\">\n        <div class=\"eael-grid-post-holder\">\n            <div class=\"eael-grid-post-holder-inner\"><div class=\"eael-entry-media\"><div class=\"eael-entry-overlay fade-in\"><i class=\"\" aria-hidden=\"true\"><\/i><a href=\"https:\/\/cliniqueintegrale.com\/?p=317\"><\/a><\/div><div class=\"eael-entry-thumbnail \">\n                <img loading=\"lazy\" decoding=\"async\" width=\"2000\" height=\"1331\" src=\"https:\/\/cliniqueintegrale.com\/wp-content\/uploads\/2025\/07\/9f8eae52-ac3b-40ad-8f8f-dbcc7507f987.png\" class=\"attachment-full size-full wp-image-449\" alt=\"\" \/>\n            <\/div>\n        <\/div><div class=\"eael-entry-wrapper\"><header class=\"eael-entry-header\"><h2 class=\"eael-entry-title\"><a\n                        class=\"eael-grid-post-link\"\n                        href=\"https:\/\/cliniqueintegrale.com\/?p=317\"\n                        title=\"Prendre Soin de la Sant\u00e9 Mentale : Un Engagement Prioritaire\">Prendre Soin de la Sant\u00e9 Mentale : Un Engagement Prioritaire<\/a><\/h2><\/header><div class=\"eael-entry-content\">\n                        <div class=\"eael-grid-post-excerpt\"><p>Les troubles psychologiques affectent de plus en plus de personnes. Notre clinique propose des consultations...<\/p><\/div>\n                    <\/div><div class=\"eael-entry-footer\"><div class=\"eael-author-avatar\"><a href=\"https:\/\/cliniqueintegrale.com\/?author=1\"><img alt='LEO' src='https:\/\/secure.gravatar.com\/avatar\/36d999c40a4098d282ed3a4e63cd131e3ad4df0071b2cb8cec978ea555b11412?s=96&#038;d=mm&#038;r=g' srcset='https:\/\/secure.gravatar.com\/avatar\/36d999c40a4098d282ed3a4e63cd131e3ad4df0071b2cb8cec978ea555b11412?s=192&#038;d=mm&#038;r=g 2x' class='avatar avatar-96 photo' height='96' width='96' \/><\/a><\/div><div class=\"eael-entry-meta\"><span class=\"eael-posted-by\"><a href=\"https:\/\/cliniqueintegrale.com\/?author=1\" title=\"Posts by LEO\" rel=\"author\">LEO<\/a><\/span><span class=\"eael-posted-on\"><time datetime=\"July 15, 2025\">July 15, 2025<\/time><\/span><\/div><\/div><\/div><\/div>\n        <\/div>\n    <\/article><article class=\"eael-grid-post eael-post-grid-column\" data-id=\"315\">\n        <div class=\"eael-grid-post-holder\">\n            <div class=\"eael-grid-post-holder-inner\"><div class=\"eael-entry-media\"><div class=\"eael-entry-overlay fade-in\"><i class=\"\" aria-hidden=\"true\"><\/i><a href=\"https:\/\/cliniqueintegrale.com\/?p=315\"><\/a><\/div><div class=\"eael-entry-thumbnail \">\n                <img loading=\"lazy\" decoding=\"async\" width=\"2000\" height=\"1333\" src=\"https:\/\/cliniqueintegrale.com\/wp-content\/uploads\/2025\/07\/ffd58699-e80a-4a33-a5b6-a32d18d5911d.png\" class=\"attachment-full size-full wp-image-450\" alt=\"\" \/>\n            <\/div>\n        <\/div><div class=\"eael-entry-wrapper\"><header class=\"eael-entry-header\"><h2 class=\"eael-entry-title\"><a\n                        class=\"eael-grid-post-link\"\n                        href=\"https:\/\/cliniqueintegrale.com\/?p=315\"\n                        title=\"Urgences M\u00e9dicales : Une R\u00e9activit\u00e9 Essentielle\">Urgences M\u00e9dicales : Une R\u00e9activit\u00e9 Essentielle<\/a><\/h2><\/header><div class=\"eael-entry-content\">\n                        <div class=\"eael-grid-post-excerpt\"><p>Nos urgences m\u00e9dicales et psychotraumatiques sont ouvertes 24h\/24 pour offrir des soins rapides et efficaces....<\/p><\/div>\n                    <\/div><div class=\"eael-entry-footer\"><div class=\"eael-author-avatar\"><a href=\"https:\/\/cliniqueintegrale.com\/?author=1\"><img alt='LEO' src='https:\/\/secure.gravatar.com\/avatar\/36d999c40a4098d282ed3a4e63cd131e3ad4df0071b2cb8cec978ea555b11412?s=96&#038;d=mm&#038;r=g' srcset='https:\/\/secure.gravatar.com\/avatar\/36d999c40a4098d282ed3a4e63cd131e3ad4df0071b2cb8cec978ea555b11412?s=192&#038;d=mm&#038;r=g 2x' class='avatar avatar-96 photo' height='96' width='96' \/><\/a><\/div><div class=\"eael-entry-meta\"><span class=\"eael-posted-by\"><a href=\"https:\/\/cliniqueintegrale.com\/?author=1\" title=\"Posts by LEO\" rel=\"author\">LEO<\/a><\/span><span class=\"eael-posted-on\"><time datetime=\"July 15, 2025\">July 15, 2025<\/time><\/span><\/div><\/div><\/div><\/div>\n        <\/div>\n    <\/article><article class=\"eael-grid-post eael-post-grid-column\" data-id=\"307\">\n        <div class=\"eael-grid-post-holder\">\n            <div class=\"eael-grid-post-holder-inner\"><div class=\"eael-entry-media\"><div class=\"eael-entry-overlay fade-in\"><i class=\"\" aria-hidden=\"true\"><\/i><a href=\"https:\/\/cliniqueintegrale.com\/?p=307\"><\/a><\/div><div class=\"eael-entry-thumbnail \">\n                <img loading=\"lazy\" decoding=\"async\" width=\"2000\" height=\"1331\" src=\"https:\/\/cliniqueintegrale.com\/wp-content\/uploads\/2025\/07\/ad848c3b-9627-45db-813f-73fe77065621.png\" class=\"attachment-full size-full wp-image-451\" alt=\"\" \/>\n            <\/div>\n        <\/div><div class=\"eael-entry-wrapper\"><header class=\"eael-entry-header\"><h2 class=\"eael-entry-title\"><a\n                        class=\"eael-grid-post-link\"\n                        href=\"https:\/\/cliniqueintegrale.com\/?p=307\"\n                        title=\"L&#8217;Importance d&#8217;une Prise en Charge Globale de la Sant\u00e9\">L&#8217;Importance d&#8217;une Prise en Charge Globale de la Sant\u00e9<\/a><\/h2><\/header><div class=\"eael-entry-content\">\n                        <div class=\"eael-grid-post-excerpt\"><p>\u00c0 la CLINIQUE INT\u00c9GRALE, nous croyons en une approche de la sant\u00e9 qui prend en...<\/p><\/div>\n                    <\/div><div class=\"eael-entry-footer\"><div class=\"eael-author-avatar\"><a href=\"https:\/\/cliniqueintegrale.com\/?author=1\"><img alt='LEO' src='https:\/\/secure.gravatar.com\/avatar\/36d999c40a4098d282ed3a4e63cd131e3ad4df0071b2cb8cec978ea555b11412?s=96&#038;d=mm&#038;r=g' srcset='https:\/\/secure.gravatar.com\/avatar\/36d999c40a4098d282ed3a4e63cd131e3ad4df0071b2cb8cec978ea555b11412?s=192&#038;d=mm&#038;r=g 2x' class='avatar avatar-96 photo' height='96' width='96' \/><\/a><\/div><div class=\"eael-entry-meta\"><span class=\"eael-posted-by\"><a href=\"https:\/\/cliniqueintegrale.com\/?author=1\" title=\"Posts by LEO\" rel=\"author\">LEO<\/a><\/span><span class=\"eael-posted-on\"><time datetime=\"July 15, 2025\">July 15, 2025<\/time><\/span><\/div><\/div><\/div><\/div>\n        <\/div>\n    <\/article><\/div>\n            <div class=\"clearfix\"><\/div>\n        <\/div>\t\t\t\t<\/div>\n\t\t\t\t<\/div>\n\t\t\t\t\t<\/div>\n\t\t<\/div>\n\t\t\t\t\t<\/div>\n\t\t<\/section>\n\t\t\t\t\t<\/div>\n\t\t<\/div>\n\t\t\t\t\t<\/div>\n\t\t<\/section>\n\t\t\t\t<\/div>\n\t\t","protected":false},"excerpt":{"rendered":"<p>Actualit\u00e9es sur la clinique integrale Kin\u00e9sith\u00e9rapie : Un Atout pour la R\u00e9cup\u00e9ration Que ce soit apr\u00e8s un accident, une chirurgie ou en cas de douleurs chroniques, notre&#8230; LEOJuly 15, 2025 L&#8217;Accompagnement des Futures Mamans Notre unit\u00e9 maternit\u00e9 offre un suivi complet, de la grossesse jusqu&#8217;\u00e0 l&#8217;accouchement, en mettant un&#8230; LEOJuly 15, 2025 Prendre Soin de la Sant\u00e9 Mentale : Un Engagement Prioritaire Les troubles psychologiques affectent de plus en plus de personnes. Notre clinique propose des consultations&#8230; LEOJuly 15, 2025 Urgences M\u00e9dicales : Une R\u00e9activit\u00e9 Essentielle Nos urgences m\u00e9dicales et psychotraumatiques sont ouvertes 24h\/24 pour offrir des soins rapides et efficaces&#8230;. LEOJuly 15, 2025 L&#8217;Importance d&#8217;une Prise en Charge Globale de la Sant\u00e9 \u00c0 la CLINIQUE INT\u00c9GRALE, nous croyons en une approche de la sant\u00e9 qui prend en&#8230; LEOJuly 15, 2025 Hello world! Welcome to WordPress. This is your first post. Edit or delete it, then start writing! LEOJuly 14, 2025<\/p>\n","protected":false},"author":1,"featured_media":0,"parent":0,"menu_order":0,"comment_status":"closed","ping_status":"closed","template":"elementor_header_footer","meta":{"_eb_attr":"","site-sidebar-layout":"no-sidebar","site-content-layout":"plain-container","ast-site-content-layout":"full-width-container","site-content-style":"default","site-sidebar-style":"default","ast-global-header-display":"","ast-banner-title-visibility":"","ast-main-header-display":"","ast-hfb-above-header-display":"","ast-hfb-below-header-display":"","ast-hfb-mobile-header-display":"","site-post-title":"disabled","ast-breadcrumbs-content":"","ast-featured-img":"disabled","footer-sml-layout":"","theme-transparent-header-meta":"enabled","adv-header-id-meta":"","stick-header-meta":"","header-above-stick-meta":"","header-main-stick-meta":"","header-below-stick-meta":"","astra-migrate-meta-layouts":"default","ast-page-background-enabled":"default","ast-page-background-meta":{"desktop":{"background-color":"var(--ast-global-color-4)","background-image":"","background-repeat":"repeat","background-position":"center center","background-size":"auto","background-attachment":"scroll","background-type":"","background-media":"","overlay-type":"","overlay-color":"","overlay-opacity":"","overlay-gradient":""},"tablet":{"background-color":"","background-image":"","background-repeat":"repeat","background-position":"center center","background-size":"auto","background-attachment":"scroll","background-type":"","background-media":"","overlay-type":"","overlay-color":"","overlay-opacity":"","overlay-gradient":""},"mobile":{"background-color":"","background-image":"","background-repeat":"repeat","background-position":"center center","background-size":"auto","background-attachment":"scroll","background-type":"","background-media":"","overlay-type":"","overlay-color":"","overlay-opacity":"","overlay-gradient":""}},"ast-content-background-meta":{"desktop":{"background-color":"var(--ast-global-color-5)","background-image":"","background-repeat":"repeat","background-position":"center center","background-size":"auto","background-attachment":"scroll","background-type":"","background-media":"","overlay-type":"","overlay-color":"","overlay-opacity":"","overlay-gradient":""},"tablet":{"background-color":"var(--ast-global-color-5)","background-image":"","background-repeat":"repeat","background-position":"center center","background-size":"auto","background-attachment":"scroll","background-type":"","background-media":"","overlay-type":"","overlay-color":"","overlay-opacity":"","overlay-gradient":""},"mobile":{"background-color":"var(--ast-global-color-5)","background-image":"","background-repeat":"repeat","background-position":"center center","background-size":"auto","background-attachment":"scroll","background-type":"","background-media":"","overlay-type":"","overlay-color":"","overlay-opacity":"","overlay-gradient":""}},"footnotes":""},"class_list":["post-12","page","type-page","status-publish","hentry"],"_links":{"self":[{"href":"https:\/\/cliniqueintegrale.com\/index.php?rest_route=\/wp\/v2\/pages\/12","targetHints":{"allow":["GET"]}}],"collection":[{"href":"https:\/\/cliniqueintegrale.com\/index.php?rest_route=\/wp\/v2\/pages"}],"about":[{"href":"https:\/\/cliniqueintegrale.com\/index.php?rest_route=\/wp\/v2\/types\/page"}],"author":[{"embeddable":true,"href":"https:\/\/cliniqueintegrale.com\/index.php?rest_route=\/wp\/v2\/users\/1"}],"replies":[{"embeddable":true,"href":"https:\/\/cliniqueintegrale.com\/index.php?rest_route=%2Fwp%2Fv2%2Fcomments&post=12"}],"version-history":[{"count":16,"href":"https:\/\/cliniqueintegrale.com\/index.php?rest_route=\/wp\/v2\/pages\/12\/revisions"}],"predecessor-version":[{"id":336,"href":"https:\/\/cliniqueintegrale.com\/index.php?rest_route=\/wp\/v2\/pages\/12\/revisions\/336"}],"wp:attachment":[{"href":"https:\/\/cliniqueintegrale.com\/index.php?rest_route=%2Fwp%2Fv2%2Fmedia&parent=12"}],"curies":[{"name":"wp","href":"https:\/\/api.w.org\/{rel}","templated":true}]}}